{"id":20157,"date":"2022-06-09T17:55:34","date_gmt":"2022-06-09T15:55:34","guid":{"rendered":"https:\/\/wiedenweide.nl\/datenschutzbestimmungen\/"},"modified":"2025-02-18T17:10:27","modified_gmt":"2025-02-18T15:10:27","slug":"datenschutzbestimmungen","status":"publish","type":"page","link":"https:\/\/wiedenweide.nl\/de\/datenschutzbestimmungen\/","title":{"rendered":"Datenschutzbestimmungen"},"content":{"rendered":"\t\t<div data-elementor-type=\"wp-page\" data-elementor-id=\"20157\" class=\"elementor elementor-20157 elementor-2037\">\n\t\t\t\t\t\t<section class=\"elementor-section elementor-top-section elementor-element elementor-element-74d2d249 elementor-section-boxed elementor-section-height-default elementor-section-height-default\" data-id=\"74d2d249\" data-element_type=\"section\" data-e-type=\"section\">\n\t\t\t\t\t\t<div class=\"elementor-container elementor-column-gap-default\">\n\t\t\t\t\t<div class=\"elementor-column elementor-col-100 elementor-top-column elementor-element elementor-element-3fa643bb\" data-id=\"3fa643bb\" data-element_type=\"column\" data-e-type=\"column\">\n\t\t\t<div class=\"elementor-widget-wrap elementor-element-populated\">\n\t\t\t\t\t\t<div class=\"elementor-element elementor-element-4b2d39f elementor-widget elementor-widget-heading\" data-id=\"4b2d39f\" data-element_type=\"widget\" data-e-type=\"widget\" data-widget_type=\"heading.default\">\n\t\t\t\t<div class=\"elementor-widget-container\">\n\t\t\t\t\t<h2 class=\"elementor-heading-title elementor-size-default\">Datenschutzbestimmungen<\/h2>\t\t\t\t<\/div>\n\t\t\t\t<\/div>\n\t\t\t\t<div class=\"elementor-element elementor-element-14d32b3 elementor-widget elementor-widget-text-editor\" data-id=\"14d32b3\" data-element_type=\"widget\" data-e-type=\"widget\" data-widget_type=\"text-editor.default\">\n\t\t\t\t<div class=\"elementor-widget-container\">\n\t\t\t\t\t\t\t\t\t<p>Willkommen auf der Website wiedenweide.de. Wir sind uns bewusst, dass der Datenschutz f\u00fcr die Nutzer unserer Website wichtig ist, insbesondere bei der Abwicklung von Gesch\u00e4ften. Diese Erkl\u00e4rung regelt unsere Datenschutzpolitik in Bezug auf die Nutzer der Website (&#8222;Besucher&#8220;), die die Website besuchen, ohne Gesch\u00e4fte zu t\u00e4tigen, sowie auf Unternehmen und Besucher, die auf der Website Reservierungen vornehmen oder sich registrieren, um Gesch\u00e4fte zu t\u00e4tigen und die verschiedenen von &#8222;www.wiedenweide.nl&#8220; angebotenen Dienstleistungen zu nutzen.  <\/p>\t\t\t\t\t\t\t\t<\/div>\n\t\t\t\t<\/div>\n\t\t\t\t<div class=\"elementor-element elementor-element-06733a4 elementor-widget elementor-widget-heading\" data-id=\"06733a4\" data-element_type=\"widget\" data-e-type=\"widget\" data-widget_type=\"heading.default\">\n\t\t\t\t<div class=\"elementor-widget-container\">\n\t\t\t\t\t<h4 class=\"elementor-heading-title elementor-size-default\">\"Pers\u00f6nlich identifizierbare Informationen\"<\/h4>\t\t\t\t<\/div>\n\t\t\t\t<\/div>\n\t\t\t\t<div class=\"elementor-element elementor-element-10cf2ca elementor-widget elementor-widget-text-editor\" data-id=\"10cf2ca\" data-element_type=\"widget\" data-e-type=\"widget\" data-widget_type=\"text-editor.default\">\n\t\t\t\t<div class=\"elementor-widget-container\">\n\t\t\t\t\t\t\t\t\t<p>bezieht sich auf alle Informationen, die die Person, auf die sich diese Informationen beziehen, identifizieren oder dazu verwendet werden k\u00f6nnen, sie zu identifizieren oder ausfindig zu machen, einschlie\u00dflich, aber nicht beschr\u00e4nkt auf, Name, Adresse, Telefonnummer, Faxnummer, E-Mail-Adresse, Finanzprofile, Sozialversicherungsnummer und Kreditkarteninformationen. Zu den personenbezogenen Daten geh\u00f6ren nicht die anonym (d.h. ohne Identifizierung des einzelnen Benutzers) erfassten Daten oder demografische Daten, die nicht mit einer identifizierten Person verkn\u00fcpft sind. <\/p>\t\t\t\t\t\t\t\t<\/div>\n\t\t\t\t<\/div>\n\t\t\t\t<div class=\"elementor-element elementor-element-c0646c8 elementor-widget elementor-widget-heading\" data-id=\"c0646c8\" data-element_type=\"widget\" data-e-type=\"widget\" data-widget_type=\"heading.default\">\n\t\t\t\t<div class=\"elementor-widget-container\">\n\t\t\t\t\t<h4 class=\"elementor-heading-title elementor-size-default\">Welche pers\u00f6nlich identifizierbaren Informationen werden gesammelt?<\/h4>\t\t\t\t<\/div>\n\t\t\t\t<\/div>\n\t\t\t\t<div class=\"elementor-element elementor-element-fbc819f elementor-widget elementor-widget-text-editor\" data-id=\"fbc819f\" data-element_type=\"widget\" data-e-type=\"widget\" data-widget_type=\"text-editor.default\">\n\t\t\t\t<div class=\"elementor-widget-container\">\n\t\t\t\t\t\t\t\t\t<p>Wir k\u00f6nnen grundlegende Benutzerprofilinformationen von allen unseren Besuchern erfassen. Wir sammeln die folgenden zus\u00e4tzlichen Informationen von unseren autorisierten Kunden: die Namen, Adressen, Telefonnummern und E-Mail-Adressen der autorisierten Kunden. <\/p>\t\t\t\t\t\t\t\t<\/div>\n\t\t\t\t<\/div>\n\t\t\t\t<div class=\"elementor-element elementor-element-99173d2 elementor-widget elementor-widget-heading\" data-id=\"99173d2\" data-element_type=\"widget\" data-e-type=\"widget\" data-widget_type=\"heading.default\">\n\t\t\t\t<div class=\"elementor-widget-container\">\n\t\t\t\t\t<h4 class=\"elementor-heading-title elementor-size-default\">Welche Organisationen sammeln die Informationen?<\/h4>\t\t\t\t<\/div>\n\t\t\t\t<\/div>\n\t\t\t\t<div class=\"elementor-element elementor-element-8915a37 elementor-widget elementor-widget-text-editor\" data-id=\"8915a37\" data-element_type=\"widget\" data-e-type=\"widget\" data-widget_type=\"text-editor.default\">\n\t\t\t\t<div class=\"elementor-widget-container\">\n\t\t\t\t\t\t\t\t\tZus\u00e4tzlich zu unserer eigenen Datenerfassung k\u00f6nnen unsere Drittanbieter (wie Kreditkartenunternehmen, Clearingstellen und Banken), die Dienstleistungen wie Kredit-, Versicherungs- und Treuhanddienste anbieten, solche Daten von unseren Besuchern und autorisierten Kunden erfassen. Wir haben keine Kontrolle dar\u00fcber, wie diese Dritten diese Informationen verwenden, aber wir bitten sie, offenzulegen, wie sie die ihnen von Besuchern und autorisierten Kunden zur Verf\u00fcgung gestellten pers\u00f6nlichen Informationen verwenden. Bei einigen dieser Dritten kann es sich um Vermittler handeln, die lediglich als Glieder in der Vertriebskette fungieren und die ihnen zur Verf\u00fcgung gestellten Daten nicht speichern, aufbewahren oder verwenden.  \t\t\t\t\t\t\t\t<\/div>\n\t\t\t\t<\/div>\n\t\t\t\t<div class=\"elementor-element elementor-element-55b96f3 elementor-widget elementor-widget-heading\" data-id=\"55b96f3\" data-element_type=\"widget\" data-e-type=\"widget\" data-widget_type=\"heading.default\">\n\t\t\t\t<div class=\"elementor-widget-container\">\n\t\t\t\t\t<h4 class=\"elementor-heading-title elementor-size-default\">Wie verwendet die Website pers\u00f6nlich identifizierbare Informationen?<\/h4>\t\t\t\t<\/div>\n\t\t\t\t<\/div>\n\t\t\t\t<div class=\"elementor-element elementor-element-2847aaa elementor-widget elementor-widget-text-editor\" data-id=\"2847aaa\" data-element_type=\"widget\" data-e-type=\"widget\" data-widget_type=\"text-editor.default\">\n\t\t\t\t<div class=\"elementor-widget-container\">\n\t\t\t\t\t\t\t\t\t<p><span lang=\"nl\"><span data-language-for-alternatives=\"nl\" data-language-to-translate-into=\"en\" data-phrase-index=\"0\" data-number-of-phrases=\"1\">Wir verwenden personenbezogene Daten, um die Website individuell zu gestalten, geeignete Serviceangebote zu unterbreiten und Kauf- und Verkaufsanfragen auf der Website zu erf\u00fcllen. Wir k\u00f6nnen Besucher und autorisierte Kunden per E-Mail \u00fcber Forschungs- oder Kauf- und Verkaufsm\u00f6glichkeiten auf der Website oder \u00fcber Informationen im Zusammenhang mit dem Thema der Website informieren. Wir k\u00f6nnen personenbezogene Daten auch verwenden, um Besucher und autorisierte Kunden zu kontaktieren, um auf spezifische Anfragen zu antworten oder um angeforderte Informationen bereitzustellen.  <\/span><\/span><\/p>\t\t\t\t\t\t\t\t<\/div>\n\t\t\t\t<\/div>\n\t\t\t\t<div class=\"elementor-element elementor-element-62988ad elementor-widget elementor-widget-heading\" data-id=\"62988ad\" data-element_type=\"widget\" data-e-type=\"widget\" data-widget_type=\"heading.default\">\n\t\t\t\t<div class=\"elementor-widget-container\">\n\t\t\t\t\t<h4 class=\"elementor-heading-title elementor-size-default\">Mit wem d\u00fcrfen die Informationen geteilt werden?<\/h4>\t\t\t\t<\/div>\n\t\t\t\t<\/div>\n\t\t\t\t<div class=\"elementor-element elementor-element-c344052 elementor-widget elementor-widget-text-editor\" data-id=\"c344052\" data-element_type=\"widget\" data-e-type=\"widget\" data-widget_type=\"text-editor.default\">\n\t\t\t\t<div class=\"elementor-widget-container\">\n\t\t\t\t\t\t\t\t\tPers\u00f6nlich identifizierbare Informationen \u00fcber autorisierte Kunden k\u00f6nnen an andere autorisierte Kunden weitergegeben werden, die m\u00f6gliche Transaktionen mit anderen autorisierten Kunden bewerten m\u00f6chten. Wir k\u00f6nnen zusammengefasste Informationen \u00fcber unsere Besucher, einschlie\u00dflich demografischer Informationen \u00fcber unsere Besucher und autorisierten Kunden, an unsere angeschlossenen Agenturen und Drittanbieter weitergeben. Wir bieten Ihnen auch die M\u00f6glichkeit, den Erhalt von Informationen oder die Kontaktaufnahme durch uns oder eine in unserem Namen handelnde Agentur abzulehnen.  \t\t\t\t\t\t\t\t<\/div>\n\t\t\t\t<\/div>\n\t\t\t\t<div class=\"elementor-element elementor-element-8fb4b5b elementor-widget elementor-widget-heading\" data-id=\"8fb4b5b\" data-element_type=\"widget\" data-e-type=\"widget\" data-widget_type=\"heading.default\">\n\t\t\t\t<div class=\"elementor-widget-container\">\n\t\t\t\t\t<h4 class=\"elementor-heading-title elementor-size-default\">Wie werden pers\u00f6nlich identifizierbare Informationen gespeichert?<\/h4>\t\t\t\t<\/div>\n\t\t\t\t<\/div>\n\t\t\t\t<div class=\"elementor-element elementor-element-d02b9ee elementor-widget elementor-widget-text-editor\" data-id=\"d02b9ee\" data-element_type=\"widget\" data-e-type=\"widget\" data-widget_type=\"text-editor.default\">\n\t\t\t\t<div class=\"elementor-widget-container\">\n\t\t\t\t\t\t\t\t\tDie von uns gesammelten personenbezogenen Daten werden sicher aufbewahrt und sind f\u00fcr Dritte oder Mitarbeiter nicht zug\u00e4nglich, es sei denn, sie werden wie oben angegeben verwendet.\t\t\t\t\t\t\t\t<\/div>\n\t\t\t\t<\/div>\n\t\t\t\t<div class=\"elementor-element elementor-element-8797f71 elementor-widget elementor-widget-heading\" data-id=\"8797f71\" data-element_type=\"widget\" data-e-type=\"widget\" data-widget_type=\"heading.default\">\n\t\t\t\t<div class=\"elementor-widget-container\">\n\t\t\t\t\t<h4 class=\"elementor-heading-title elementor-size-default\">Welche Wahlm\u00f6glichkeiten haben die Besucher in Bezug auf die Erfassung, Verwendung und Verbreitung der Informationen?<\/h4>\t\t\t\t<\/div>\n\t\t\t\t<\/div>\n\t\t\t\t<div class=\"elementor-element elementor-element-33ef7f2 elementor-widget elementor-widget-text-editor\" data-id=\"33ef7f2\" data-element_type=\"widget\" data-e-type=\"widget\" data-widget_type=\"text-editor.default\">\n\t\t\t\t<div class=\"elementor-widget-container\">\n\t\t\t\t\t\t\t\t\t<p>Besucher und autorisierte Kunden k\u00f6nnen w\u00e4hlen, keine unaufgeforderten Informationen von uns und\/oder unseren Lieferanten und angeschlossenen Agenturen zu erhalten, indem sie wie angegeben auf E-Mails antworten oder uns \u00fcber die Informationen auf der Kontaktseite kontaktieren.<\/p>\t\t\t\t\t\t\t\t<\/div>\n\t\t\t\t<\/div>\n\t\t\t\t<div class=\"elementor-element elementor-element-ea3def7 elementor-widget elementor-widget-heading\" data-id=\"ea3def7\" data-element_type=\"widget\" data-e-type=\"widget\" data-widget_type=\"heading.default\">\n\t\t\t\t<div class=\"elementor-widget-container\">\n\t\t\t\t\t<h4 class=\"elementor-heading-title elementor-size-default\">Werden auf dieser Website Cookies verwendet?<\/h4>\t\t\t\t<\/div>\n\t\t\t\t<\/div>\n\t\t\t\t<div class=\"elementor-element elementor-element-2452e1a elementor-widget elementor-widget-text-editor\" data-id=\"2452e1a\" data-element_type=\"widget\" data-e-type=\"widget\" data-widget_type=\"text-editor.default\">\n\t\t\t\t<div class=\"elementor-widget-container\">\n\t\t\t\t\t\t\t\t\t<p>Cookies werden aus einer Vielzahl von Gr\u00fcnden verwendet. Wir verwenden Cookies, um Informationen \u00fcber die Pr\u00e4ferenzen unserer Besucher und die von ihnen gew\u00e4hlten Dienste zu erhalten. Wir verwenden Cookies auch zu Sicherheitszwecken, um unsere autorisierten Kunden zu sch\u00fctzen. Wenn zum Beispiel ein autorisierter Kunde angemeldet ist und die Website l\u00e4nger als 10 Minuten nicht benutzt wird, melden wir den autorisierten Kunden automatisch ab.   <\/p>\t\t\t\t\t\t\t\t<\/div>\n\t\t\t\t<\/div>\n\t\t\t\t<div class=\"elementor-element elementor-element-1719328 elementor-widget elementor-widget-heading\" data-id=\"1719328\" data-element_type=\"widget\" data-e-type=\"widget\" data-widget_type=\"heading.default\">\n\t\t\t\t<div class=\"elementor-widget-container\">\n\t\t\t\t\t<h4 class=\"elementor-heading-title elementor-size-default\">Wie verwendet die Website Ihre Anmeldedaten?<\/h4>\t\t\t\t<\/div>\n\t\t\t\t<\/div>\n\t\t\t\t<div class=\"elementor-element elementor-element-4855a05 elementor-widget elementor-widget-text-editor\" data-id=\"4855a05\" data-element_type=\"widget\" data-e-type=\"widget\" data-widget_type=\"text-editor.default\">\n\t\t\t\t<div class=\"elementor-widget-container\">\n\t\t\t\t\t\t\t\t\t<p>Diese Website verwendet Anmeldedaten, einschlie\u00dflich, aber nicht beschr\u00e4nkt auf IP-Adressen, ISPs und Browsertypen, um Trends zu analysieren, die Website zu verwalten, die Bewegungen und die Nutzung eines Benutzers zu verfolgen und breite demografische Informationen zu sammeln.<\/p>\t\t\t\t\t\t\t\t<\/div>\n\t\t\t\t<\/div>\n\t\t\t\t<div class=\"elementor-element elementor-element-91e2f7d elementor-widget elementor-widget-heading\" data-id=\"91e2f7d\" data-element_type=\"widget\" data-e-type=\"widget\" data-widget_type=\"heading.default\">\n\t\t\t\t<div class=\"elementor-widget-container\">\n\t\t\t\t\t<h4 class=\"elementor-heading-title elementor-size-default\">\n \n \nWelche Partner oder Dienstleister haben Zugang zu personenbezogenen Daten von Besuchern und\/oder autorisierten Kunden auf der Website?<\/h4>\t\t\t\t<\/div>\n\t\t\t\t<\/div>\n\t\t\t\t<div class=\"elementor-element elementor-element-b6e82f5 elementor-widget elementor-widget-text-editor\" data-id=\"b6e82f5\" data-element_type=\"widget\" data-e-type=\"widget\" data-widget_type=\"text-editor.default\">\n\t\t\t\t<div class=\"elementor-widget-container\">\n\t\t\t\t\t\t\t\t\t<p>Diese Website ist Partnerschaften mit einer Reihe von Anbietern eingegangen und wird dies auch in Zukunft tun. Diese Anbieter haben m\u00f6glicherweise Zugang zu bestimmten personenbezogenen Daten, die sie ben\u00f6tigen, um autorisierte Kunden auf ihre Eignung f\u00fcr den Service zu pr\u00fcfen. Unsere Datenschutzrichtlinie gilt nicht f\u00fcr die Erfassung oder Verwendung dieser Informationen durch diese Anbieter. Weitergabe von personenbezogenen Daten zur Einhaltung von Gesetzen. Wir geben personenbezogene Daten weiter, um einer gerichtlichen Anordnung oder Vorladung oder einer Aufforderung einer Strafverfolgungsbeh\u00f6rde zur Weitergabe von Informationen nachzukommen. Wir werden auch pers\u00f6nlich identifizierbare Daten weitergeben, wenn dies zum Schutz der Sicherheit unserer Besucher und autorisierten Kunden angemessen ist.     <\/p>\t\t\t\t\t\t\t\t<\/div>\n\t\t\t\t<\/div>\n\t\t\t\t<div class=\"elementor-element elementor-element-9a0e57e elementor-widget elementor-widget-heading\" data-id=\"9a0e57e\" data-element_type=\"widget\" data-e-type=\"widget\" data-widget_type=\"heading.default\">\n\t\t\t\t<div class=\"elementor-widget-container\">\n\t\t\t\t\t<h4 class=\"elementor-heading-title elementor-size-default\">Wie werden personenbezogene Daten auf der Website gesch\u00fctzt?\n<\/h4>\t\t\t\t<\/div>\n\t\t\t\t<\/div>\n\t\t\t\t<div class=\"elementor-element elementor-element-f983206 elementor-widget elementor-widget-text-editor\" data-id=\"f983206\" data-element_type=\"widget\" data-e-type=\"widget\" data-widget_type=\"text-editor.default\">\n\t\t\t\t<div class=\"elementor-widget-container\">\n\t\t\t\t\t\t\t\t\tAlle unsere Mitarbeiter sind mit unseren Sicherheitsrichtlinien und -praktiken vertraut. Die personenbezogenen Daten unserer Besucher und autorisierten Kunden sind nur f\u00fcr eine begrenzte Anzahl qualifizierter Mitarbeiter zug\u00e4nglich, die ein Passwort f\u00fcr den Zugriff auf die Daten erhalten haben. Wir \u00fcberpr\u00fcfen regelm\u00e4\u00dfig unsere Sicherheitssysteme und -prozesse. Sensible Informationen, wie z.B. Kreditkartennummern oder B\u00fcrgerservicenummern, werden durch Verschl\u00fcsselungsprotokolle gesch\u00fctzt, um die \u00fcber das Internet \u00fcbertragenen Informationen zu sch\u00fctzen. Obwohl wir wirtschaftlich angemessene Ma\u00dfnahmen ergreifen, um eine sichere Website aufrechtzuerhalten, unterliegen elektronische Kommunikation und Datenbanken Fehlern, Manipulationen und Eindringlingen, und wir k\u00f6nnen nicht garantieren oder gew\u00e4hrleisten, dass solche Ereignisse nicht eintreten, und wir haften gegen\u00fcber Besuchern oder autorisierten Kunden nicht f\u00fcr solche Ereignisse.    \t\t\t\t\t\t\t\t<\/div>\n\t\t\t\t<\/div>\n\t\t\t\t<div class=\"elementor-element elementor-element-e3b5667 elementor-widget elementor-widget-heading\" data-id=\"e3b5667\" data-element_type=\"widget\" data-e-type=\"widget\" data-widget_type=\"heading.default\">\n\t\t\t\t<div class=\"elementor-widget-container\">\n\t\t\t\t\t<h4 class=\"elementor-heading-title elementor-size-default\">Wie k\u00f6nnen Besucher Ungenauigkeiten bei personenbezogenen Daten korrigieren?\n<\/h4>\t\t\t\t<\/div>\n\t\t\t\t<\/div>\n\t\t\t\t<div class=\"elementor-element elementor-element-d74a9dd elementor-widget elementor-widget-text-editor\" data-id=\"d74a9dd\" data-element_type=\"widget\" data-e-type=\"widget\" data-widget_type=\"text-editor.default\">\n\t\t\t\t<div class=\"elementor-widget-container\">\n\t\t\t\t\t\t\t\t\t<p>Besucher und autorisierte Kunden k\u00f6nnen sich mit uns in Verbindung setzen, um pers\u00f6nlich identifizierbare Informationen \u00fcber sie zu aktualisieren oder Ungenauigkeiten zu korrigieren, indem sie uns eine E-Mail an &#8222;info@wiedenweide.nl&#8220; senden.<\/p>\t\t\t\t\t\t\t\t<\/div>\n\t\t\t\t<\/div>\n\t\t\t\t<div class=\"elementor-element elementor-element-af02d36 elementor-widget elementor-widget-heading\" data-id=\"af02d36\" data-element_type=\"widget\" data-e-type=\"widget\" data-widget_type=\"heading.default\">\n\t\t\t\t<div class=\"elementor-widget-container\">\n\t\t\t\t\t<h4 class=\"elementor-heading-title elementor-size-default\">Kann ein Besucher die von der Website erfassten personenbezogenen Daten l\u00f6schen oder deaktivieren?\n<\/h4>\t\t\t\t<\/div>\n\t\t\t\t<\/div>\n\t\t\t\t<div class=\"elementor-element elementor-element-685682e elementor-widget elementor-widget-text-editor\" data-id=\"685682e\" data-element_type=\"widget\" data-e-type=\"widget\" data-widget_type=\"text-editor.default\">\n\t\t\t\t<div class=\"elementor-widget-container\">\n\t\t\t\t\t\t\t\t\t<p>Wir bieten Besuchern und autorisierten Kunden einen Mechanismus, um pers\u00f6nlich identifizierbare Informationen aus der Datenbank der Website zu entfernen\/zu deaktivieren, indem Sie uns per E-Mail an &#8222;info@wiedenweide.nl&#8220; kontaktieren. Aufgrund von Sicherungskopien und Aufzeichnungen von L\u00f6schungen kann es jedoch unm\u00f6glich sein, den Eintrag eines Besuchers zu l\u00f6schen, ohne dass die verbleibenden Informationen erhalten bleiben. F\u00fcr den Fall, dass eine Person die Deaktivierung von personenbezogenen Daten beantragt, werden diese Daten funktionell gel\u00f6scht und wir werden die personenbezogenen Daten dieser Person in Zukunft in keiner Weise verkaufen, \u00fcbertragen oder verwenden.  <\/p>\t\t\t\t\t\t\t\t<\/div>\n\t\t\t\t<\/div>\n\t\t\t\t<div class=\"elementor-element elementor-element-377d3a5 elementor-widget elementor-widget-heading\" data-id=\"377d3a5\" data-element_type=\"widget\" data-e-type=\"widget\" data-widget_type=\"heading.default\">\n\t\t\t\t<div class=\"elementor-widget-container\">\n\t\t\t\t\t<h4 class=\"elementor-heading-title elementor-size-default\">Was passiert, wenn sich die Datenschutzbestimmungen \u00e4ndern?\n<\/h4>\t\t\t\t<\/div>\n\t\t\t\t<\/div>\n\t\t\t\t<div class=\"elementor-element elementor-element-03a8ea9 elementor-widget elementor-widget-text-editor\" data-id=\"03a8ea9\" data-element_type=\"widget\" data-e-type=\"widget\" data-widget_type=\"text-editor.default\">\n\t\t\t\t<div class=\"elementor-widget-container\">\n\t\t\t\t\t\t\t\t\t<p>Wir werden unsere Besucher und autorisierten Kunden \u00fcber \u00c4nderungen unserer Datenschutzrichtlinien informieren, indem wir diese \u00c4nderungen auf der Website ver\u00f6ffentlichen. Wenn wir jedoch unsere Datenschutzrichtlinien so \u00e4ndern, dass die Offenlegung von pers\u00f6nlich identifizierbaren Informationen, die zuvor von einem Besucher oder autorisierten Kunden angefordert wurden, nicht erforderlich ist, werden wir diesen Besucher oder autorisierten Kunden kontaktieren, um ihm die M\u00f6glichkeit zu geben, eine solche Offenlegung zu verhindern. <\/p>\t\t\t\t\t\t\t\t<\/div>\n\t\t\t\t<\/div>\n\t\t\t\t<div class=\"elementor-element elementor-element-9e68b66 elementor-widget elementor-widget-heading\" data-id=\"9e68b66\" data-element_type=\"widget\" data-e-type=\"widget\" data-widget_type=\"heading.default\">\n\t\t\t\t<div class=\"elementor-widget-container\">\n\t\t\t\t\t<h4 class=\"elementor-heading-title elementor-size-default\">Links:<\/h4>\t\t\t\t<\/div>\n\t\t\t\t<\/div>\n\t\t\t\t<div class=\"elementor-element elementor-element-288d1b4 elementor-widget elementor-widget-text-editor\" data-id=\"288d1b4\" data-element_type=\"widget\" data-e-type=\"widget\" data-widget_type=\"text-editor.default\">\n\t\t\t\t<div class=\"elementor-widget-container\">\n\t\t\t\t\t\t\t\t\t<p>Die Website enth\u00e4lt Links zu anderen Websites. Bitte beachten Sie, dass Sie, wenn Sie auf einen dieser Links klicken, auf eine andere Website gelangen. Wir empfehlen Ihnen, die Datenschutzerkl\u00e4rungen dieser verlinkten Websites zu lesen, da sich deren Datenschutzrichtlinien von unseren unterscheiden k\u00f6nnen.  <\/p>\t\t\t\t\t\t\t\t<\/div>\n\t\t\t\t<\/div>\n\t\t\t\t\t<\/div>\n\t\t<\/div>\n\t\t\t\t\t<\/div>\n\t\t<\/section>\n\t\t\t\t<\/div>\n\t\t","protected":false},"excerpt":{"rendered":"<p>Datenschutzbestimmungen Willkommen auf der Website wiedenweide.de. Wir sind uns bewusst, dass der Datenschutz f\u00fcr die Nutzer unserer Website wichtig ist, insbesondere bei der Abwicklung von Gesch\u00e4ften. Diese Erkl\u00e4rung regelt unsere Datenschutzpolitik in Bezug auf die Nutzer der Website (&#8222;Besucher&#8220;), die &hellip; <a href=\"https:\/\/wiedenweide.nl\/de\/datenschutzbestimmungen\/\">Read More<\/a><\/p>\n","protected":false},"author":1,"featured_media":0,"parent":0,"menu_order":0,"comment_status":"closed","ping_status":"closed","template":"","meta":{"footnotes":""},"class_list":["post-20157","page","type-page","status-publish","hentry"],"_links":{"self":[{"href":"https:\/\/wiedenweide.nl\/de\/wp-json\/wp\/v2\/pages\/20157","targetHints":{"allow":["GET"]}}],"collection":[{"href":"https:\/\/wiedenweide.nl\/de\/wp-json\/wp\/v2\/pages"}],"about":[{"href":"https:\/\/wiedenweide.nl\/de\/wp-json\/wp\/v2\/types\/page"}],"author":[{"embeddable":true,"href":"https:\/\/wiedenweide.nl\/de\/wp-json\/wp\/v2\/users\/1"}],"replies":[{"embeddable":true,"href":"https:\/\/wiedenweide.nl\/de\/wp-json\/wp\/v2\/comments?post=20157"}],"version-history":[{"count":1,"href":"https:\/\/wiedenweide.nl\/de\/wp-json\/wp\/v2\/pages\/20157\/revisions"}],"predecessor-version":[{"id":20158,"href":"https:\/\/wiedenweide.nl\/de\/wp-json\/wp\/v2\/pages\/20157\/revisions\/20158"}],"wp:attachment":[{"href":"https:\/\/wiedenweide.nl\/de\/wp-json\/wp\/v2\/media?parent=20157"}],"curies":[{"name":"wp","href":"https:\/\/api.w.org\/{rel}","templated":true}]}}