{"id":20147,"date":"2022-04-30T13:38:08","date_gmt":"2022-04-30T11:38:08","guid":{"rendered":"https:\/\/wiedenweide.nl\/chambres\/"},"modified":"2025-02-18T17:10:20","modified_gmt":"2025-02-18T15:10:20","slug":"chambres","status":"publish","type":"page","link":"https:\/\/wiedenweide.nl\/fr\/chambres\/","title":{"rendered":"Chambres"},"content":{"rendered":"\t\t<div data-elementor-type=\"wp-page\" data-elementor-id=\"20147\" class=\"elementor elementor-20147 elementor-655\">\n\t\t\t\t\t\t<section class=\"elementor-section elementor-top-section elementor-element elementor-element-1fb7f523 elementor-section-height-min-height elementor-section-boxed elementor-section-height-default elementor-section-items-middle\" data-id=\"1fb7f523\" data-element_type=\"section\" data-e-type=\"section\" data-settings=\"{&quot;background_background&quot;:&quot;classic&quot;}\">\n\t\t\t\t\t\t\t<div class=\"elementor-background-overlay\"><\/div>\n\t\t\t\t\t\t\t<div class=\"elementor-container elementor-column-gap-default\">\n\t\t\t\t\t<div class=\"elementor-column elementor-col-100 elementor-top-column elementor-element elementor-element-19de323c\" data-id=\"19de323c\" data-element_type=\"column\" data-e-type=\"column\">\n\t\t\t<div class=\"elementor-widget-wrap elementor-element-populated\">\n\t\t\t\t\t\t<div class=\"elementor-element elementor-element-67ab63ec elementor-view-default elementor-position-top elementor-widget elementor-widget-themo-header\" data-id=\"67ab63ec\" data-element_type=\"widget\" data-e-type=\"widget\" data-widget_type=\"themo-header.default\">\n\t\t\t\t<div class=\"elementor-widget-container\">\n\t\t\t\t\t\t\t<div class=\"th-header-wrap\">\n        <div class=\"elementor-icon-box-wrapper \">\n                            <div class=\"elementor-icon-box-content\">\n                    <h1 class=\"elementor-icon-box-title\">\n                        Nos chambres                    <\/h1>\n                                            <span class=\"th-header-divider\"><\/span>\n                                        <p class=\"elementor-icon-box-description\">Parcourez nos salles \u00e0 th\u00e8me ici et trouvez celle qui vous convient.<\/p>\n\n                                    <\/div>\n            <\/div>\n\n        <\/div>\n\n\t\t\t\t\t\t<\/div>\n\t\t\t\t<\/div>\n\t\t\t\t\t<\/div>\n\t\t<\/div>\n\t\t\t\t\t<\/div>\n\t\t<\/section>\n\t\t\t\t<section class=\"elementor-section elementor-top-section elementor-element elementor-element-1076d48 elementor-section-boxed elementor-section-height-default elementor-section-height-default\" data-id=\"1076d48\" data-element_type=\"section\" data-e-type=\"section\">\n\t\t\t\t\t\t<div class=\"elementor-container elementor-column-gap-default\">\n\t\t\t\t\t<div class=\"elementor-column elementor-col-100 elementor-top-column elementor-element elementor-element-5212939\" data-id=\"5212939\" data-element_type=\"column\" data-e-type=\"column\">\n\t\t\t<div class=\"elementor-widget-wrap elementor-element-populated\">\n\t\t\t\t\t\t<div class=\"elementor-element elementor-element-03d5b3c elementor-widget elementor-widget-spacer\" data-id=\"03d5b3c\" data-element_type=\"widget\" data-e-type=\"widget\" data-widget_type=\"spacer.default\">\n\t\t\t\t<div class=\"elementor-widget-container\">\n\t\t\t\t\t\t\t<div class=\"elementor-spacer\">\n\t\t\t<div class=\"elementor-spacer-inner\"><\/div>\n\t\t<\/div>\n\t\t\t\t\t\t<\/div>\n\t\t\t\t<\/div>\n\t\t\t\t\t<\/div>\n\t\t<\/div>\n\t\t\t\t\t<\/div>\n\t\t<\/section>\n\t\t\t\t<section class=\"elementor-section elementor-top-section elementor-element elementor-element-5f6ea005 elementor-section-boxed elementor-section-height-default elementor-section-height-default\" data-id=\"5f6ea005\" data-element_type=\"section\" data-e-type=\"section\" data-settings=\"{&quot;background_background&quot;:&quot;classic&quot;}\">\n\t\t\t\t\t\t<div class=\"elementor-container elementor-column-gap-no\">\n\t\t\t\t\t<div class=\"elementor-column elementor-col-50 elementor-top-column elementor-element elementor-element-487813a5\" data-id=\"487813a5\" data-element_type=\"column\" data-e-type=\"column\">\n\t\t\t<div class=\"elementor-widget-wrap elementor-element-populated\">\n\t\t\t\t\t\t<div class=\"elementor-element elementor-element-5e65e810 elementor-widget elementor-widget-themo-accommodation-listing\" data-id=\"5e65e810\" data-element_type=\"widget\" data-e-type=\"widget\" data-widget_type=\"themo-accommodation-listing.default\">\n\t\t\t\t<div class=\"elementor-widget-container\">\n\t\t\t\t\t<div class=\"elementor-row thmv-style-2\">\n\n            \n            \n\n            <div class=\"thmv-column elementor-column thmv-column-50\">\n                <div class=\"elementor-widget-wrap\">\n                                        <div class=\"thmv-grid  elementor-element\">\n                        <div class=\"thmv-grid-img\">\n                                                                                                <a href=\"https:\/\/wiedenweide.nl\/fr\/accommodation\/wieden-suite\/\">\n                                                                    <img fetchpriority=\"high\" decoding=\"async\" width=\"605\" height=\"454\" src=\"https:\/\/wiedenweide.nl\/wp-content\/uploads\/2021\/03\/wiedensuite_2_web-2.jpg\" class=\"attachment-th_img_md_landscape size-th_img_md_landscape wp-image-19573\" alt=\"\" \/>                                                                    <\/a>\n                                        \n                            \n                              \n\n                            \n                                \n                                \n                <div class=\"thmv-price \">\n                                                                <div class=\"price\">\u20ac205<\/div>\n                                                                <div class=\"price-after\">\/nuit<\/div>\n                                    <\/div>\n                                                         \n                        <\/div>\n\n                                        <div class=\"thmv-grid-sleep\">\n                                                                <div class=\"thmv-preface\">Salle familiale spacieuse avec po\u00eale \u00e0 bois et coffre de lit<\/div>\n                                                                                            <\/div>\n                                                    <div class=\"thmv-info\">\n\n                                                                                                    <h3  class=\"thmv-title\">\n                                                                        <a href=\"https:\/\/wiedenweide.nl\/fr\/accommodation\/wieden-suite\/\">\n                                                                            Wieden suite                                                                        <\/a>\n                                     \n                                <\/h3 >\n                                                            \n                                                                                        <p class=\"thmv-description\">Cette suite spacieuse dispose d&rsquo;un lit double et d&rsquo;un lit double, ce qui lui permet d&rsquo;accueillir 4 personnes. Gr\u00e2ce \u00e0 son agencement spacieux et \u00e0 sa grande salle de bains, la suite convient \u00e9galement aux personnes en fauteuil roulant. \n<\/p>\n                            \n                                                           \n\n                            <div class=\"\">\n                                                <div>\n                                        <a class=\"thmv-btn btn btn-1 th-btn btn-standard-accent\" href=\"https:\/\/wiedenweide.nl\/fr\/accommodation\/wieden-suite\/\">\n                Lire la suite...                                                                                    <\/a>\n                                    <\/div>\n                                             \n                            <\/div>\n                                \n                                    <\/div>\n                    <\/div>\n                <\/div>\n\n            <\/div>\n\n\n            \n\n            \n            \n\n            <div class=\"thmv-column elementor-column thmv-column-50\">\n                <div class=\"elementor-widget-wrap\">\n                                        <div class=\"thmv-grid  elementor-element\">\n                        <div class=\"thmv-grid-img\">\n                                                                                                <a href=\"https:\/\/wiedenweide.nl\/fr\/accommodation\/chambre-heather\/\">\n                                                                    <img decoding=\"async\" width=\"605\" height=\"465\" src=\"https:\/\/wiedenweide.nl\/wp-content\/uploads\/2023\/04\/Heidekamer1-605x465.webp\" class=\"attachment-th_img_md_landscape size-th_img_md_landscape wp-image-20059\" alt=\"\" srcset=\"https:\/\/wiedenweide.nl\/wp-content\/uploads\/2023\/04\/Heidekamer1-605x465.webp 605w, https:\/\/wiedenweide.nl\/wp-content\/uploads\/2023\/04\/Heidekamer1-394x303.webp 394w\" sizes=\"(max-width: 605px) 100vw, 605px\" \/>                                                                    <\/a>\n                                        \n                            \n                              \n\n                            \n                                \n                                \n                <div class=\"thmv-price \">\n                                                                <div class=\"price\">\u20ac140<\/div>\n                                                                <div class=\"price-after\">\/nacht<\/div>\n                                    <\/div>\n                                                         \n                        <\/div>\n\n                                        <div class=\"thmv-grid-sleep\">\n                                                                <div class=\"thmv-preface\">Chambre confortable \u00e0 l'\u00e9tage pour 2 personnes<\/div>\n                                                                                            <\/div>\n                                                    <div class=\"thmv-info\">\n\n                                                                                                    <h3  class=\"thmv-title\">\n                                                                        <a href=\"https:\/\/wiedenweide.nl\/fr\/accommodation\/chambre-heather\/\">\n                                                                            Chambre de Bruy\u00e8re                                                                        <\/a>\n                                     \n                                <\/h3 >\n                                                            \n                                                                                        <p class=\"thmv-description\">Chambre confortable dans l&rsquo;atmosph\u00e8re de la lande de Drentse. Avec salle de bain priv\u00e9e et joli coin salon. \n<\/p>\n                            \n                                                           \n\n                            <div class=\"\">\n                                                <div>\n                                        <a class=\"thmv-btn btn btn-1 th-btn btn-standard-accent\" href=\"https:\/\/wiedenweide.nl\/fr\/accommodation\/chambre-heather\/\">\n                Lire la suite...                                                                                    <\/a>\n                                    <\/div>\n                                             \n                            <\/div>\n                                \n                                    <\/div>\n                    <\/div>\n                <\/div>\n\n            <\/div>\n\n\n            \n\n            \n            \n\n            <div class=\"thmv-column elementor-column thmv-column-50\">\n                <div class=\"elementor-widget-wrap\">\n                                        <div class=\"thmv-grid  elementor-element\">\n                        <div class=\"thmv-grid-img\">\n                                                                                                <a href=\"https:\/\/wiedenweide.nl\/fr\/accommodation\/chambre-de-ferme\/\">\n                                                                    <img decoding=\"async\" width=\"605\" height=\"465\" src=\"https:\/\/wiedenweide.nl\/wp-content\/uploads\/2023\/04\/boerderijkamer-2-605x465.webp\" class=\"attachment-th_img_md_landscape size-th_img_md_landscape wp-image-20044\" alt=\"\" srcset=\"https:\/\/wiedenweide.nl\/wp-content\/uploads\/2023\/04\/boerderijkamer-2-605x465.webp 605w, https:\/\/wiedenweide.nl\/wp-content\/uploads\/2023\/04\/boerderijkamer-2-394x303.webp 394w\" sizes=\"(max-width: 605px) 100vw, 605px\" \/>                                                                    <\/a>\n                                        \n                            \n                              \n\n                            \n                                \n                                \n                <div class=\"thmv-price \">\n                                                                <div class=\"price\">\u20ac140<\/div>\n                                                                <div class=\"price-after\">\/nacht<\/div>\n                                    <\/div>\n                                                         \n                        <\/div>\n\n                                        <div class=\"thmv-grid-sleep\">\n                                                                <div class=\"thmv-preface\">Chambre confortable \u00e0 l'\u00e9tage pour 2 personnes<\/div>\n                                                                                            <\/div>\n                                                    <div class=\"thmv-info\">\n\n                                                                                                    <h3  class=\"thmv-title\">\n                                                                        <a href=\"https:\/\/wiedenweide.nl\/fr\/accommodation\/chambre-de-ferme\/\">\n                                                                            Chambre de ferme                                                                        <\/a>\n                                     \n                                <\/h3 >\n                                                            \n                                                                                        <p class=\"thmv-description\">Chambre confortable inspir\u00e9e des fermes locales authentiques. Elle dispose d&rsquo;une salle de bains priv\u00e9e et d&rsquo;un joli coin salon. \n<\/p>\n                            \n                                                           \n\n                            <div class=\"\">\n                                                <div>\n                                        <a class=\"thmv-btn btn btn-1 th-btn btn-standard-accent\" href=\"https:\/\/wiedenweide.nl\/fr\/accommodation\/chambre-de-ferme\/\">\n                Lire la suite...                                                                                    <\/a>\n                                    <\/div>\n                                             \n                            <\/div>\n                                \n                                    <\/div>\n                    <\/div>\n                <\/div>\n\n            <\/div>\n\n\n            \n\n            \n            \n\n            <div class=\"thmv-column elementor-column thmv-column-50\">\n                <div class=\"elementor-widget-wrap\">\n                                        <div class=\"thmv-grid  elementor-element\">\n                        <div class=\"thmv-grid-img\">\n                                                                                                <a href=\"https:\/\/wiedenweide.nl\/fr\/accommodation\/salle-des-punters\/\">\n                                                                    <img loading=\"lazy\" decoding=\"async\" width=\"605\" height=\"453\" src=\"https:\/\/wiedenweide.nl\/wp-content\/uploads\/2019\/03\/punterkamer_8-e1695377931320-605x453.webp\" class=\"attachment-th_img_md_landscape size-th_img_md_landscape wp-image-20116\" alt=\"\" \/>                                                                    <\/a>\n                                        \n                            \n                              \n\n                            \n                                \n                                \n                <div class=\"thmv-price \">\n                                                                <div class=\"price\">\u20ac150<\/div>\n                                                                <div class=\"price-after\">\/nacht<\/div>\n                                    <\/div>\n                                                         \n                        <\/div>\n\n                                        <div class=\"thmv-grid-sleep\">\n                                                                <div class=\"thmv-preface\">Chambre spacieuse \u00e0 l'\u00e9tage pour 2 personnes<\/div>\n                                                                                            <\/div>\n                                                    <div class=\"thmv-info\">\n\n                                                                                                    <h3  class=\"thmv-title\">\n                                                                        <a href=\"https:\/\/wiedenweide.nl\/fr\/accommodation\/salle-des-punters\/\">\n                                                                            Chambre Punter                                                                        <\/a>\n                                     \n                                <\/h3 >\n                                                            \n                                                                                        <p class=\"thmv-description\">Chambre spacieuse nomm\u00e9e d&rsquo;apr\u00e8s le traditionnel \u00ab\u00a0gieterse punter\u00a0\u00bb. Elle dispose d&rsquo;une salle de bain priv\u00e9e et d&rsquo;un coin salon spacieux. \n<\/p>\n                            \n                                                           \n\n                            <div class=\"\">\n                                                <div>\n                                        <a class=\"thmv-btn btn btn-1 th-btn btn-standard-accent\" href=\"https:\/\/wiedenweide.nl\/fr\/accommodation\/salle-des-punters\/\">\n                Lire la suite...                                                                                    <\/a>\n                                    <\/div>\n                                             \n                            <\/div>\n                                \n                                    <\/div>\n                    <\/div>\n                <\/div>\n\n            <\/div>\n\n\n            <\/div>\n\n\n        \t\t\t\t<\/div>\n\t\t\t\t<\/div>\n\t\t\t\t\t<\/div>\n\t\t<\/div>\n\t\t\t\t<div class=\"elementor-column elementor-col-50 elementor-top-column elementor-element elementor-element-599e9cf7\" data-id=\"599e9cf7\" data-element_type=\"column\" data-e-type=\"column\" data-settings=\"{&quot;background_background&quot;:&quot;classic&quot;}\">\n\t\t\t<div class=\"elementor-widget-wrap elementor-element-populated\">\n\t\t\t\t\t\t<section class=\"elementor-section elementor-inner-section elementor-element elementor-element-5f6cce83 elementor-section-boxed elementor-section-height-default elementor-section-height-default\" data-id=\"5f6cce83\" data-element_type=\"section\" data-e-type=\"section\">\n\t\t\t\t\t\t<div class=\"elementor-container elementor-column-gap-default\">\n\t\t\t\t\t<div class=\"elementor-column elementor-col-100 elementor-inner-column elementor-element elementor-element-18dcd70d\" data-id=\"18dcd70d\" data-element_type=\"column\" data-e-type=\"column\" data-settings=\"{&quot;background_background&quot;:&quot;classic&quot;}\">\n\t\t\t<div class=\"elementor-widget-wrap elementor-element-populated\">\n\t\t\t\t\t\t<div class=\"elementor-element elementor-element-2cb8153b elementor-view-default elementor-position-top elementor-widget elementor-widget-themo-header\" data-id=\"2cb8153b\" data-element_type=\"widget\" data-e-type=\"widget\" data-widget_type=\"themo-header.default\">\n\t\t\t\t<div class=\"elementor-widget-container\">\n\t\t\t\t\t\t\t<div class=\"th-header-wrap\">\n        <div class=\"elementor-icon-box-wrapper \">\n                            <div class=\"elementor-icon-box-content\">\n                    <h2 class=\"elementor-icon-box-title\">\n                        V\u00e9rifier la disponibilit\u00e9                    <\/h2>\n                                        <p class=\"elementor-icon-box-description\"><\/p>\n\n                                    <\/div>\n            <\/div>\n\n        <\/div>\n\n\t\t\t\t\t\t<\/div>\n\t\t\t\t<\/div>\n\t\t\t\t<div class=\"elementor-element elementor-element-8359b0 elementor-widget elementor-widget-themo-mphb-search-form\" data-id=\"8359b0\" data-element_type=\"widget\" data-e-type=\"widget\" data-widget_type=\"themo-mphb-search-form.default\">\n\t\t\t\t<div class=\"elementor-widget-container\">\n\t\t\t\t\t        <div class=\"th-fo-form  th-left th-form-stacked  th-btn-form btn-standard-accent-form\"><div class=\"mphb_sc_search-wrapper  frm_forms with_frm_style\">\n<form method=\"GET\" class=\"mphb_sc_search-form\" action=\"https:\/\/wiedenweide.nl\/fr\/resultats-de-la-recherche\/\" data-first_available_check_in_date=\"2026-05-03\">\n\n\t<p class = \"mphb-required-fields-tip\">\n\t<small>\n\t\tLes champs obligatoires sont suivis de\t\t<abbr title=\"required\">*<\/abbr>\n\t<\/small>\n<\/p>\n\n\t<p class=\"mphb_sc_search-check-in-date frm_form_field\">\n\t\t<label for=\"mphb_check_in_date-mphb-search-form-69f4a9ab0f139\">\n\t\t\tArriv\u00e9e\t\t\t<abbr title=\"Format\u00e9 comme dd\/mm\/yyyy\">*<\/abbr>\n\t\t<\/label>\n\t\t<br \/>\n\t\t<input\n\t\t\tid=\"mphb_check_in_date-mphb-search-form-69f4a9ab0f139\"\n\t\t\tdata-datepick-group=\"mphb-search-form-69f4a9ab0f139\"\n\t\t\tvalue=\"\"\n\t\t\tplaceholder=\"Date d&#039;arriv\u00e9e\"\n\t\t\trequired=\"required\"\n\t\t\ttype=\"text\"\n\t\t\tinputmode=\"none\"\n\t\t\tname=\"mphb_check_in_date\"\n\t\t\tclass=\"mphb-datepick\"\n\t\t\tautocomplete=\"off\"\n\t\t\t\/>\n\t<\/p>\n\n\t<p class=\"mphb_sc_search-check-out-date frm_form_field\">\n\t\t<label for=\"mphb_check_out_date-mphb-search-form-69f4a9ab0f139\">\n\t\t\tD\u00e9part\t\t\t<abbr title=\"Format\u00e9 comme dd\/mm\/yyyy\">*<\/abbr>\n\t\t<\/label>\n\t\t<br \/>\n\t\t<input\n\t\t\tid=\"mphb_check_out_date-mphb-search-form-69f4a9ab0f139\"\n\t\t\tdata-datepick-group=\"mphb-search-form-69f4a9ab0f139\"\n\t\t\tvalue=\"\"\n\t\t\tplaceholder=\"Date de d\u00e9part\"\n\t\t\trequired=\"required\"\n\t\t\ttype=\"text\"\n\t\t\tinputmode=\"none\"\n\t\t\tname=\"mphb_check_out_date\"\n\t\t\tclass=\"mphb-datepick\"\n\t\t\tautocomplete=\"off\"\n\t\t\t\/>\n\t<\/p>\n\n\t\t\t<p class=\"mphb_sc_search-adults frm_form_field\">\n\t\t\t<label for=\"mphb_adults-mphb-search-form-69f4a9ab0f139\">\n\t\t\t\tAdultes\t\t\t<\/label>\n\t\t\t<br \/>\n\t\t\t<select id=\"mphb_adults-mphb-search-form-69f4a9ab0f139\" name=\"mphb_adults\" >\n\t\t\t\t\t\t\t\t\t<option value=\"1\"  selected='selected'>1<\/option>\n\t\t\t\t\t\t\t\t\t<option value=\"2\" >2<\/option>\n\t\t\t\t\t\t\t\t\t<option value=\"3\" >3<\/option>\n\t\t\t\t\t\t\t\t\t<option value=\"4\" >4<\/option>\n\t\t\t\t\t\t\t<\/select>\n\t\t<\/p>\n\t\n\t\t\t<p class=\"mphb_sc_search-children frm_form_field\">\n\t\t\t<label for=\"mphb_children-mphb-search-form-69f4a9ab0f139\">\n\t\t\t\tEnfants\t\t\t<\/label>\n\t\t\t<br \/>\n\t\t\t<select id=\"mphb_children-mphb-search-form-69f4a9ab0f139\" name=\"mphb_children\">\n\t\t\t\t\t\t\t\t\t<option value=\"0\"  selected='selected'>0<\/option>\n\t\t\t\t\t\t\t\t\t<option value=\"1\" >1<\/option>\n\t\t\t\t\t\t\t\t\t<option value=\"2\" >2<\/option>\n\t\t\t\t\t\t\t\t\t<option value=\"3\" >3<\/option>\n\t\t\t\t\t\t\t<\/select>\n\t\t<\/p>\n\t\n\t\n\t\n\t<input id=\"mphb_check_in_date-mphb-search-form-69f4a9ab0f139-hidden\" value=\"\" type=\"hidden\" name=\"mphb_check_in_date\" \/><input id=\"mphb_check_out_date-mphb-search-form-69f4a9ab0f139-hidden\" value=\"\" type=\"hidden\" name=\"mphb_check_out_date\" \/>\n\t<p class=\"mphb_sc_search-submit-button-wrapper frm_submit\">\n\t\t<input type=\"submit\" class=\"button\" value=\"Chercher\"\/>\n\t<\/p>\n\n\t\n<\/form>\n<\/div><\/div>\n        \t\t\t\t<\/div>\n\t\t\t\t<\/div>\n\t\t\t\t\t<\/div>\n\t\t<\/div>\n\t\t\t\t\t<\/div>\n\t\t<\/section>\n\t\t\t\t\t<\/div>\n\t\t<\/div>\n\t\t\t\t\t<\/div>\n\t\t<\/section>\n\t\t\t\t<\/div>\n\t\t","protected":false},"excerpt":{"rendered":"<p>Nos chambres Parcourez\u2026<\/p>\n","protected":false},"author":1,"featured_media":0,"parent":0,"menu_order":6,"comment_status":"closed","ping_status":"closed","template":"","meta":{"footnotes":""},"class_list":["post-20147","page","type-page","status-publish","hentry"],"_links":{"self":[{"href":"https:\/\/wiedenweide.nl\/fr\/wp-json\/wp\/v2\/pages\/20147","targetHints":{"allow":["GET"]}}],"collection":[{"href":"https:\/\/wiedenweide.nl\/fr\/wp-json\/wp\/v2\/pages"}],"about":[{"href":"https:\/\/wiedenweide.nl\/fr\/wp-json\/wp\/v2\/types\/page"}],"author":[{"embeddable":true,"href":"https:\/\/wiedenweide.nl\/fr\/wp-json\/wp\/v2\/users\/1"}],"replies":[{"embeddable":true,"href":"https:\/\/wiedenweide.nl\/fr\/wp-json\/wp\/v2\/comments?post=20147"}],"version-history":[{"count":1,"href":"https:\/\/wiedenweide.nl\/fr\/wp-json\/wp\/v2\/pages\/20147\/revisions"}],"predecessor-version":[{"id":20148,"href":"https:\/\/wiedenweide.nl\/fr\/wp-json\/wp\/v2\/pages\/20147\/revisions\/20148"}],"wp:attachment":[{"href":"https:\/\/wiedenweide.nl\/fr\/wp-json\/wp\/v2\/media?parent=20147"}],"curies":[{"name":"wp","href":"https:\/\/api.w.org\/{rel}","templated":true}]}}