{"id":20159,"date":"2022-06-09T17:55:34","date_gmt":"2022-06-09T15:55:34","guid":{"rendered":"https:\/\/wiedenweide.nl\/politique-de-confidentialite\/"},"modified":"2025-02-18T17:10:27","modified_gmt":"2025-02-18T15:10:27","slug":"politique-de-confidentialite","status":"publish","type":"page","link":"https:\/\/wiedenweide.nl\/fr\/politique-de-confidentialite\/","title":{"rendered":"Politique de confidentialit\u00e9"},"content":{"rendered":"\t\t<div data-elementor-type=\"wp-page\" data-elementor-id=\"20159\" class=\"elementor elementor-20159 elementor-2037\">\n\t\t\t\t\t\t<section class=\"elementor-section elementor-top-section elementor-element elementor-element-74d2d249 elementor-section-boxed elementor-section-height-default elementor-section-height-default\" data-id=\"74d2d249\" data-element_type=\"section\" data-e-type=\"section\">\n\t\t\t\t\t\t<div class=\"elementor-container elementor-column-gap-default\">\n\t\t\t\t\t<div class=\"elementor-column elementor-col-100 elementor-top-column elementor-element elementor-element-3fa643bb\" data-id=\"3fa643bb\" data-element_type=\"column\" data-e-type=\"column\">\n\t\t\t<div class=\"elementor-widget-wrap elementor-element-populated\">\n\t\t\t\t\t\t<div class=\"elementor-element elementor-element-4b2d39f elementor-widget elementor-widget-heading\" data-id=\"4b2d39f\" data-element_type=\"widget\" data-e-type=\"widget\" data-widget_type=\"heading.default\">\n\t\t\t\t<div class=\"elementor-widget-container\">\n\t\t\t\t\t<h2 class=\"elementor-heading-title elementor-size-default\">Politique de confidentialit\u00e9<\/h2>\t\t\t\t<\/div>\n\t\t\t\t<\/div>\n\t\t\t\t<div class=\"elementor-element elementor-element-14d32b3 elementor-widget elementor-widget-text-editor\" data-id=\"14d32b3\" data-element_type=\"widget\" data-e-type=\"widget\" data-widget_type=\"text-editor.default\">\n\t\t\t\t<div class=\"elementor-widget-container\">\n\t\t\t\t\t\t\t\t\t<p>Bienvenue sur le site wiedenweide.co.uk. Nous comprenons que la protection de la vie priv\u00e9e en ligne est importante pour les utilisateurs de notre site, en particulier lorsqu&rsquo;ils effectuent des transactions. La pr\u00e9sente d\u00e9claration r\u00e9git notre politique de confidentialit\u00e9 \u00e0 l&rsquo;\u00e9gard des utilisateurs du site (\u00ab\u00a0visiteurs\u00a0\u00bb) qui le visitent sans effectuer de transactions et des entreprises et visiteurs qui effectuent des r\u00e9servations ou s&rsquo;inscrivent pour faire des affaires sur le site et utilisent les divers services offerts par \u00ab\u00a0www.wiedenweide.nl\u00a0\u00bb.  <\/p>\t\t\t\t\t\t\t\t<\/div>\n\t\t\t\t<\/div>\n\t\t\t\t<div class=\"elementor-element elementor-element-06733a4 elementor-widget elementor-widget-heading\" data-id=\"06733a4\" data-element_type=\"widget\" data-e-type=\"widget\" data-widget_type=\"heading.default\">\n\t\t\t\t<div class=\"elementor-widget-container\">\n\t\t\t\t\t<h4 class=\"elementor-heading-title elementor-size-default\">\"Informations personnelles identifiables\"<\/h4>\t\t\t\t<\/div>\n\t\t\t\t<\/div>\n\t\t\t\t<div class=\"elementor-element elementor-element-10cf2ca elementor-widget elementor-widget-text-editor\" data-id=\"10cf2ca\" data-element_type=\"widget\" data-e-type=\"widget\" data-widget_type=\"text-editor.default\">\n\t\t\t\t<div class=\"elementor-widget-container\">\n\t\t\t\t\t\t\t\t\t<p>d\u00e9signe toute information qui identifie ou peut \u00eatre utilis\u00e9e pour identifier ou localiser la personne \u00e0 laquelle cette information se rapporte, y compris, mais sans s&rsquo;y limiter, le nom, l&rsquo;adresse, le num\u00e9ro de t\u00e9l\u00e9phone, le num\u00e9ro de t\u00e9l\u00e9copie, l&rsquo;adresse \u00e9lectronique, les profils financiers, le num\u00e9ro d&rsquo;imp\u00f4t social et les informations relatives aux cartes de cr\u00e9dit. Les informations personnellement identifiables ne comprennent pas les informations collect\u00e9es de mani\u00e8re anonyme (c&rsquo;est-\u00e0-dire sans identification de l&rsquo;utilisateur individuel) ou les informations d\u00e9mographiques qui ne sont pas li\u00e9es \u00e0 une personne identifi\u00e9e. <\/p>\t\t\t\t\t\t\t\t<\/div>\n\t\t\t\t<\/div>\n\t\t\t\t<div class=\"elementor-element elementor-element-c0646c8 elementor-widget elementor-widget-heading\" data-id=\"c0646c8\" data-element_type=\"widget\" data-e-type=\"widget\" data-widget_type=\"heading.default\">\n\t\t\t\t<div class=\"elementor-widget-container\">\n\t\t\t\t\t<h4 class=\"elementor-heading-title elementor-size-default\">Quelles sont les informations personnelles identifiables collect\u00e9es ?<\/h4>\t\t\t\t<\/div>\n\t\t\t\t<\/div>\n\t\t\t\t<div class=\"elementor-element elementor-element-fbc819f elementor-widget elementor-widget-text-editor\" data-id=\"fbc819f\" data-element_type=\"widget\" data-e-type=\"widget\" data-widget_type=\"text-editor.default\">\n\t\t\t\t<div class=\"elementor-widget-container\">\n\t\t\t\t\t\t\t\t\t<p>Nous pouvons recueillir des informations de base sur le profil de l&rsquo;utilisateur aupr\u00e8s de tous nos visiteurs. Nous recueillons les informations suppl\u00e9mentaires suivantes aupr\u00e8s de nos clients autoris\u00e9s : les noms, adresses, num\u00e9ros de t\u00e9l\u00e9phone et adresses \u00e9lectroniques des clients autoris\u00e9s. <\/p>\t\t\t\t\t\t\t\t<\/div>\n\t\t\t\t<\/div>\n\t\t\t\t<div class=\"elementor-element elementor-element-99173d2 elementor-widget elementor-widget-heading\" data-id=\"99173d2\" data-element_type=\"widget\" data-e-type=\"widget\" data-widget_type=\"heading.default\">\n\t\t\t\t<div class=\"elementor-widget-container\">\n\t\t\t\t\t<h4 class=\"elementor-heading-title elementor-size-default\">Quelles sont les organisations qui collectent les informations ?<\/h4>\t\t\t\t<\/div>\n\t\t\t\t<\/div>\n\t\t\t\t<div class=\"elementor-element elementor-element-8915a37 elementor-widget elementor-widget-text-editor\" data-id=\"8915a37\" data-element_type=\"widget\" data-e-type=\"widget\" data-widget_type=\"text-editor.default\">\n\t\t\t\t<div class=\"elementor-widget-container\">\n\t\t\t\t\t\t\t\t\tOutre notre propre collecte d&rsquo;informations, nos prestataires de services tiers (tels que les soci\u00e9t\u00e9s de cartes de cr\u00e9dit, les chambres de compensation et les banques) qui fournissent des services tels que le cr\u00e9dit, l&rsquo;assurance et les services de d\u00e9p\u00f4t fiduciaire peuvent collecter ces informations aupr\u00e8s de nos visiteurs et de nos clients autoris\u00e9s. Nous n&rsquo;avons aucun contr\u00f4le sur la mani\u00e8re dont ces tiers utilisent ces informations, mais nous leur demandons de divulguer la mani\u00e8re dont ils utilisent les informations personnelles qui leur sont fournies par les visiteurs et les clients autoris\u00e9s. Certains de ces tiers peuvent \u00eatre des interm\u00e9diaires qui agissent uniquement en tant que maillons de la cha\u00eene de distribution et ne stockent pas, ne conservent pas et n&rsquo;utilisent pas les informations qui leur sont fournies.  \t\t\t\t\t\t\t\t<\/div>\n\t\t\t\t<\/div>\n\t\t\t\t<div class=\"elementor-element elementor-element-55b96f3 elementor-widget elementor-widget-heading\" data-id=\"55b96f3\" data-element_type=\"widget\" data-e-type=\"widget\" data-widget_type=\"heading.default\">\n\t\t\t\t<div class=\"elementor-widget-container\">\n\t\t\t\t\t<h4 class=\"elementor-heading-title elementor-size-default\">Comment le site utilise-t-il les informations personnellement identifiables ?<\/h4>\t\t\t\t<\/div>\n\t\t\t\t<\/div>\n\t\t\t\t<div class=\"elementor-element elementor-element-2847aaa elementor-widget elementor-widget-text-editor\" data-id=\"2847aaa\" data-element_type=\"widget\" data-e-type=\"widget\" data-widget_type=\"text-editor.default\">\n\t\t\t\t<div class=\"elementor-widget-container\">\n\t\t\t\t\t\t\t\t\t<p><span lang=\"nl\"><span data-language-for-alternatives=\"nl\" data-language-to-translate-into=\"en\" data-phrase-index=\"0\" data-number-of-phrases=\"1\">Nous utilisons les informations personnellement identifiables pour personnaliser le site, proposer des offres de service appropri\u00e9es et r\u00e9pondre aux demandes d&rsquo;achat et de vente sur le site. Nous pouvons envoyer des courriels aux visiteurs et aux clients autoris\u00e9s concernant des recherches ou des opportunit\u00e9s d&rsquo;achat et de vente sur le site ou des informations li\u00e9es au sujet du site. Nous pouvons \u00e9galement utiliser des informations personnellement identifiables pour contacter les visiteurs et les clients autoris\u00e9s en r\u00e9ponse \u00e0 des demandes sp\u00e9cifiques ou pour fournir les informations demand\u00e9es.  <\/span><\/span><\/p>\t\t\t\t\t\t\t\t<\/div>\n\t\t\t\t<\/div>\n\t\t\t\t<div class=\"elementor-element elementor-element-62988ad elementor-widget elementor-widget-heading\" data-id=\"62988ad\" data-element_type=\"widget\" data-e-type=\"widget\" data-widget_type=\"heading.default\">\n\t\t\t\t<div class=\"elementor-widget-container\">\n\t\t\t\t\t<h4 class=\"elementor-heading-title elementor-size-default\">Avec qui les informations peuvent-elles \u00eatre partag\u00e9es ?<\/h4>\t\t\t\t<\/div>\n\t\t\t\t<\/div>\n\t\t\t\t<div class=\"elementor-element elementor-element-c344052 elementor-widget elementor-widget-text-editor\" data-id=\"c344052\" data-element_type=\"widget\" data-e-type=\"widget\" data-widget_type=\"text-editor.default\">\n\t\t\t\t<div class=\"elementor-widget-container\">\n\t\t\t\t\t\t\t\t\tLes informations personnellement identifiables concernant les clients autoris\u00e9s peuvent \u00eatre partag\u00e9es avec d&rsquo;autres clients autoris\u00e9s qui souhaitent \u00e9valuer des transactions potentielles avec d&rsquo;autres clients autoris\u00e9s. Nous pouvons partager des informations agr\u00e9g\u00e9es sur nos visiteurs, y compris des informations d\u00e9mographiques sur nos visiteurs et nos clients autoris\u00e9s, avec nos agences affili\u00e9es et des vendeurs tiers. Nous vous offrons \u00e9galement la possibilit\u00e9 de refuser de recevoir des informations ou d&rsquo;\u00eatre contact\u00e9 par nous ou par toute agence agissant en notre nom.  \t\t\t\t\t\t\t\t<\/div>\n\t\t\t\t<\/div>\n\t\t\t\t<div class=\"elementor-element elementor-element-8fb4b5b elementor-widget elementor-widget-heading\" data-id=\"8fb4b5b\" data-element_type=\"widget\" data-e-type=\"widget\" data-widget_type=\"heading.default\">\n\t\t\t\t<div class=\"elementor-widget-container\">\n\t\t\t\t\t<h4 class=\"elementor-heading-title elementor-size-default\">Comment les informations personnelles identifiables sont-elles stock\u00e9es ?<\/h4>\t\t\t\t<\/div>\n\t\t\t\t<\/div>\n\t\t\t\t<div class=\"elementor-element elementor-element-d02b9ee elementor-widget elementor-widget-text-editor\" data-id=\"d02b9ee\" data-element_type=\"widget\" data-e-type=\"widget\" data-widget_type=\"text-editor.default\">\n\t\t\t\t<div class=\"elementor-widget-container\">\n\t\t\t\t\t\t\t\t\tLes informations personnelles identifiables collect\u00e9es par sont stock\u00e9es en toute s\u00e9curit\u00e9 et ne sont pas accessibles \u00e0 des tiers ou \u00e0 des employ\u00e9s, sauf pour l&rsquo;utilisation indiqu\u00e9e ci-dessus.\t\t\t\t\t\t\t\t<\/div>\n\t\t\t\t<\/div>\n\t\t\t\t<div class=\"elementor-element elementor-element-8797f71 elementor-widget elementor-widget-heading\" data-id=\"8797f71\" data-element_type=\"widget\" data-e-type=\"widget\" data-widget_type=\"heading.default\">\n\t\t\t\t<div class=\"elementor-widget-container\">\n\t\t\t\t\t<h4 class=\"elementor-heading-title elementor-size-default\">Quels choix les visiteurs ont-ils concernant la collecte, l'utilisation et la diffusion des informations ?<\/h4>\t\t\t\t<\/div>\n\t\t\t\t<\/div>\n\t\t\t\t<div class=\"elementor-element elementor-element-33ef7f2 elementor-widget elementor-widget-text-editor\" data-id=\"33ef7f2\" data-element_type=\"widget\" data-e-type=\"widget\" data-widget_type=\"text-editor.default\">\n\t\t\t\t<div class=\"elementor-widget-container\">\n\t\t\t\t\t\t\t\t\t<p>Les visiteurs et les clients autoris\u00e9s peuvent choisir de ne pas recevoir d&rsquo;informations non sollicit\u00e9es de notre part et\/ou de celle de nos fournisseurs et agences affili\u00e9es en r\u00e9pondant aux courriels comme indiqu\u00e9, ou en nous contactant \u00e0 l&rsquo;aide des informations figurant sur la page de contact.<\/p>\t\t\t\t\t\t\t\t<\/div>\n\t\t\t\t<\/div>\n\t\t\t\t<div class=\"elementor-element elementor-element-ea3def7 elementor-widget elementor-widget-heading\" data-id=\"ea3def7\" data-element_type=\"widget\" data-e-type=\"widget\" data-widget_type=\"heading.default\">\n\t\t\t\t<div class=\"elementor-widget-container\">\n\t\t\t\t\t<h4 class=\"elementor-heading-title elementor-size-default\">Le site utilise-t-il des cookies ?<\/h4>\t\t\t\t<\/div>\n\t\t\t\t<\/div>\n\t\t\t\t<div class=\"elementor-element elementor-element-2452e1a elementor-widget elementor-widget-text-editor\" data-id=\"2452e1a\" data-element_type=\"widget\" data-e-type=\"widget\" data-widget_type=\"text-editor.default\">\n\t\t\t\t<div class=\"elementor-widget-container\">\n\t\t\t\t\t\t\t\t\t<p>Les cookies sont utilis\u00e9s pour diverses raisons. Nous les utilisons pour obtenir des informations sur les pr\u00e9f\u00e9rences de nos visiteurs et les services qu&rsquo;ils s\u00e9lectionnent. Nous les utilisons \u00e9galement \u00e0 des fins de s\u00e9curit\u00e9 pour prot\u00e9ger nos clients autoris\u00e9s. Par exemple, si un client autoris\u00e9 est connect\u00e9 et que le site n&rsquo;est pas utilis\u00e9 pendant plus de 10 minutes, nous d\u00e9connectons automatiquement le client autoris\u00e9.   <\/p>\t\t\t\t\t\t\t\t<\/div>\n\t\t\t\t<\/div>\n\t\t\t\t<div class=\"elementor-element elementor-element-1719328 elementor-widget elementor-widget-heading\" data-id=\"1719328\" data-element_type=\"widget\" data-e-type=\"widget\" data-widget_type=\"heading.default\">\n\t\t\t\t<div class=\"elementor-widget-container\">\n\t\t\t\t\t<h4 class=\"elementor-heading-title elementor-size-default\">Comment le site utilise-t-il vos donn\u00e9es de connexion ?<\/h4>\t\t\t\t<\/div>\n\t\t\t\t<\/div>\n\t\t\t\t<div class=\"elementor-element elementor-element-4855a05 elementor-widget elementor-widget-text-editor\" data-id=\"4855a05\" data-element_type=\"widget\" data-e-type=\"widget\" data-widget_type=\"text-editor.default\">\n\t\t\t\t<div class=\"elementor-widget-container\">\n\t\t\t\t\t\t\t\t\t<p>Ce site utilise les donn\u00e9es de connexion, y compris, mais sans s&rsquo;y limiter, les adresses IP, les FAI et les types de navigateurs, pour analyser les tendances, administrer le site, suivre les mouvements et l&rsquo;utilisation d&rsquo;un utilisateur et recueillir des informations d\u00e9mographiques g\u00e9n\u00e9rales.<\/p>\t\t\t\t\t\t\t\t<\/div>\n\t\t\t\t<\/div>\n\t\t\t\t<div class=\"elementor-element elementor-element-91e2f7d elementor-widget elementor-widget-heading\" data-id=\"91e2f7d\" data-element_type=\"widget\" data-e-type=\"widget\" data-widget_type=\"heading.default\">\n\t\t\t\t<div class=\"elementor-widget-container\">\n\t\t\t\t\t<h4 class=\"elementor-heading-title elementor-size-default\">\n \n \nQuels partenaires ou prestataires de services ont acc\u00e8s aux informations personnellement identifiables des visiteurs et\/ou des clients autoris\u00e9s sur le site ?<\/h4>\t\t\t\t<\/div>\n\t\t\t\t<\/div>\n\t\t\t\t<div class=\"elementor-element elementor-element-b6e82f5 elementor-widget elementor-widget-text-editor\" data-id=\"b6e82f5\" data-element_type=\"widget\" data-e-type=\"widget\" data-widget_type=\"text-editor.default\">\n\t\t\t\t<div class=\"elementor-widget-container\">\n\t\t\t\t\t\t\t\t\t<p>Ce site a conclu et continuera \u00e0 conclure des partenariats avec un certain nombre de fournisseurs. Ces fournisseurs peuvent avoir acc\u00e8s \u00e0 certaines informations personnellement identifiables sur la base du \u00ab\u00a0besoin de savoir\u00a0\u00bb afin d&rsquo;\u00e9valuer les clients autoris\u00e9s sur leur aptitude \u00e0 b\u00e9n\u00e9ficier du service. Notre politique de confidentialit\u00e9 ne couvre pas la collecte ou l&rsquo;utilisation de ces informations. Divulgation d&rsquo;informations personnellement identifiables pour se conformer \u00e0 la loi. Nous divulguerons des informations personnellement identifiables pour nous conformer \u00e0 une d\u00e9cision de justice, \u00e0 une citation \u00e0 compara\u00eetre ou \u00e0 une demande de divulgation d&rsquo;informations \u00e9manant d&rsquo;un organisme charg\u00e9 de l&rsquo;application de la loi. Nous divulguerons \u00e9galement des informations personnellement identifiables lorsque cela sera raisonnablement n\u00e9cessaire pour prot\u00e9ger la s\u00e9curit\u00e9 de nos visiteurs et de nos clients autoris\u00e9s.     <\/p>\t\t\t\t\t\t\t\t<\/div>\n\t\t\t\t<\/div>\n\t\t\t\t<div class=\"elementor-element elementor-element-9a0e57e elementor-widget elementor-widget-heading\" data-id=\"9a0e57e\" data-element_type=\"widget\" data-e-type=\"widget\" data-widget_type=\"heading.default\">\n\t\t\t\t<div class=\"elementor-widget-container\">\n\t\t\t\t\t<h4 class=\"elementor-heading-title elementor-size-default\">Comment le site assure-t-il la s\u00e9curit\u00e9 des informations personnelles identifiables ?\n<\/h4>\t\t\t\t<\/div>\n\t\t\t\t<\/div>\n\t\t\t\t<div class=\"elementor-element elementor-element-f983206 elementor-widget elementor-widget-text-editor\" data-id=\"f983206\" data-element_type=\"widget\" data-e-type=\"widget\" data-widget_type=\"text-editor.default\">\n\t\t\t\t<div class=\"elementor-widget-container\">\n\t\t\t\t\t\t\t\t\tTous nos employ\u00e9s sont familiaris\u00e9s avec nos politiques et pratiques en mati\u00e8re de s\u00e9curit\u00e9. Les informations personnelles identifiables de nos visiteurs et clients autoris\u00e9s ne sont accessibles qu&rsquo;\u00e0 un nombre limit\u00e9 d&#8217;employ\u00e9s qualifi\u00e9s qui disposent d&rsquo;un mot de passe pour acc\u00e9der \u00e0 ces informations. Nous v\u00e9rifions r\u00e9guli\u00e8rement nos syst\u00e8mes et processus de s\u00e9curit\u00e9. Les informations sensibles, telles que les num\u00e9ros de carte de cr\u00e9dit ou les num\u00e9ros de service aux citoyens, sont prot\u00e9g\u00e9es par des protocoles de cryptage afin de prot\u00e9ger les informations transmises sur l&rsquo;internet. Bien que nous prenions des mesures commercialement raisonnables pour maintenir un site s\u00e9curis\u00e9, les communications \u00e9lectroniques et les bases de donn\u00e9es sont sujettes \u00e0 des erreurs, des alt\u00e9rations et des intrusions, et nous ne pouvons pas garantir que de tels \u00e9v\u00e9nements ne se produiront pas et nous ne serons pas responsables envers les visiteurs ou les clients autoris\u00e9s pour de tels \u00e9v\u00e9nements.    \t\t\t\t\t\t\t\t<\/div>\n\t\t\t\t<\/div>\n\t\t\t\t<div class=\"elementor-element elementor-element-e3b5667 elementor-widget elementor-widget-heading\" data-id=\"e3b5667\" data-element_type=\"widget\" data-e-type=\"widget\" data-widget_type=\"heading.default\">\n\t\t\t\t<div class=\"elementor-widget-container\">\n\t\t\t\t\t<h4 class=\"elementor-heading-title elementor-size-default\">Comment les visiteurs peuvent-ils corriger toute inexactitude dans les informations personnellement identifiables ?\n<\/h4>\t\t\t\t<\/div>\n\t\t\t\t<\/div>\n\t\t\t\t<div class=\"elementor-element elementor-element-d74a9dd elementor-widget elementor-widget-text-editor\" data-id=\"d74a9dd\" data-element_type=\"widget\" data-e-type=\"widget\" data-widget_type=\"text-editor.default\">\n\t\t\t\t<div class=\"elementor-widget-container\">\n\t\t\t\t\t\t\t\t\t<p>Les visiteurs et les clients autoris\u00e9s peuvent nous contacter pour mettre \u00e0 jour les informations personnellement identifiables les concernant ou corriger les inexactitudes en nous envoyant un courrier \u00e9lectronique \u00e0 l&rsquo;adresse \u00ab\u00a0info@wiedenweide.nl\u00a0\u00bb<\/p>\t\t\t\t\t\t\t\t<\/div>\n\t\t\t\t<\/div>\n\t\t\t\t<div class=\"elementor-element elementor-element-af02d36 elementor-widget elementor-widget-heading\" data-id=\"af02d36\" data-element_type=\"widget\" data-e-type=\"widget\" data-widget_type=\"heading.default\">\n\t\t\t\t<div class=\"elementor-widget-container\">\n\t\t\t\t\t<h4 class=\"elementor-heading-title elementor-size-default\">Un visiteur peut-il supprimer ou d\u00e9sactiver les informations personnelles identifiables collect\u00e9es par le site ?\n<\/h4>\t\t\t\t<\/div>\n\t\t\t\t<\/div>\n\t\t\t\t<div class=\"elementor-element elementor-element-685682e elementor-widget elementor-widget-text-editor\" data-id=\"685682e\" data-element_type=\"widget\" data-e-type=\"widget\" data-widget_type=\"text-editor.default\">\n\t\t\t\t<div class=\"elementor-widget-container\">\n\t\t\t\t\t\t\t\t\t<p>Nous offrons aux visiteurs et aux clients autoris\u00e9s un m\u00e9canisme permettant de supprimer\/d\u00e9sactiver des informations personnellement identifiables de la base de donn\u00e9es du site en nous contactant par courrier \u00e9lectronique \u00e0 l&rsquo;adresse \u00ab\u00a0info@wiedenweide.nl\u00a0\u00bb. Toutefois, en raison des sauvegardes et des enregistrements des suppressions, il peut \u00eatre impossible de supprimer l&rsquo;entr\u00e9e d&rsquo;un visiteur sans conserver les informations restantes. Si une personne demande la d\u00e9sactivation d&rsquo;informations personnelles identifiables, ces informations seront supprim\u00e9es de mani\u00e8re fonctionnelle et nous ne vendrons, ne transf\u00e9rerons ni n&rsquo;utiliserons \u00e0 l&rsquo;avenir les informations personnelles identifiables relatives \u00e0 cette personne de quelque mani\u00e8re que ce soit.  <\/p>\t\t\t\t\t\t\t\t<\/div>\n\t\t\t\t<\/div>\n\t\t\t\t<div class=\"elementor-element elementor-element-377d3a5 elementor-widget elementor-widget-heading\" data-id=\"377d3a5\" data-element_type=\"widget\" data-e-type=\"widget\" data-widget_type=\"heading.default\">\n\t\t\t\t<div class=\"elementor-widget-container\">\n\t\t\t\t\t<h4 class=\"elementor-heading-title elementor-size-default\">Que se passe-t-il en cas de modification de la politique de confidentialit\u00e9 ?\n<\/h4>\t\t\t\t<\/div>\n\t\t\t\t<\/div>\n\t\t\t\t<div class=\"elementor-element elementor-element-03a8ea9 elementor-widget elementor-widget-text-editor\" data-id=\"03a8ea9\" data-element_type=\"widget\" data-e-type=\"widget\" data-widget_type=\"text-editor.default\">\n\t\t\t\t<div class=\"elementor-widget-container\">\n\t\t\t\t\t\t\t\t\t<p>Nous informerons nos visiteurs et nos clients autoris\u00e9s des modifications apport\u00e9es \u00e0 notre politique de confidentialit\u00e9 en publiant ces modifications sur le site. Toutefois, si nous modifions notre politique de confidentialit\u00e9 de telle sorte qu&rsquo;elle n&rsquo;exige pas la divulgation d&rsquo;informations personnellement identifiables pr\u00e9c\u00e9demment demand\u00e9es par un visiteur ou un client autoris\u00e9, nous contacterons ce visiteur ou ce client autoris\u00e9 pour lui donner la possibilit\u00e9 d&#8217;emp\u00eacher cette divulgation. <\/p>\t\t\t\t\t\t\t\t<\/div>\n\t\t\t\t<\/div>\n\t\t\t\t<div class=\"elementor-element elementor-element-9e68b66 elementor-widget elementor-widget-heading\" data-id=\"9e68b66\" data-element_type=\"widget\" data-e-type=\"widget\" data-widget_type=\"heading.default\">\n\t\t\t\t<div class=\"elementor-widget-container\">\n\t\t\t\t\t<h4 class=\"elementor-heading-title elementor-size-default\">A gauche :<\/h4>\t\t\t\t<\/div>\n\t\t\t\t<\/div>\n\t\t\t\t<div class=\"elementor-element elementor-element-288d1b4 elementor-widget elementor-widget-text-editor\" data-id=\"288d1b4\" data-element_type=\"widget\" data-e-type=\"widget\" data-widget_type=\"text-editor.default\">\n\t\t\t\t<div class=\"elementor-widget-container\">\n\t\t\t\t\t\t\t\t\t<p>Le site contient des liens vers d&rsquo;autres sites web. Veuillez noter que lorsque vous cliquez sur l&rsquo;un de ces liens, vous acc\u00e9dez \u00e0 un autre site web. Nous vous encourageons \u00e0 lire les d\u00e9clarations de confidentialit\u00e9 de ces sites, car leurs politiques de confidentialit\u00e9 peuvent diff\u00e9rer des n\u00f4tres.  <\/p>\t\t\t\t\t\t\t\t<\/div>\n\t\t\t\t<\/div>\n\t\t\t\t\t<\/div>\n\t\t<\/div>\n\t\t\t\t\t<\/div>\n\t\t<\/section>\n\t\t\t\t<\/div>\n\t\t","protected":false},"excerpt":{"rendered":"<p>Politique de confidentialit\u00e9 Bienvenue sur le site wiedenweide.co.uk. Nous comprenons que la protection de la vie priv\u00e9e en ligne est importante pour les utilisateurs de notre site, en particulier lorsqu&rsquo;ils effectuent des transactions. La pr\u00e9sente d\u00e9claration r\u00e9git notre politique de &hellip; <a href=\"https:\/\/wiedenweide.nl\/fr\/politique-de-confidentialite\/\">Read More<\/a><\/p>\n","protected":false},"author":1,"featured_media":0,"parent":0,"menu_order":0,"comment_status":"closed","ping_status":"closed","template":"","meta":{"footnotes":""},"class_list":["post-20159","page","type-page","status-publish","hentry"],"_links":{"self":[{"href":"https:\/\/wiedenweide.nl\/fr\/wp-json\/wp\/v2\/pages\/20159","targetHints":{"allow":["GET"]}}],"collection":[{"href":"https:\/\/wiedenweide.nl\/fr\/wp-json\/wp\/v2\/pages"}],"about":[{"href":"https:\/\/wiedenweide.nl\/fr\/wp-json\/wp\/v2\/types\/page"}],"author":[{"embeddable":true,"href":"https:\/\/wiedenweide.nl\/fr\/wp-json\/wp\/v2\/users\/1"}],"replies":[{"embeddable":true,"href":"https:\/\/wiedenweide.nl\/fr\/wp-json\/wp\/v2\/comments?post=20159"}],"version-history":[{"count":1,"href":"https:\/\/wiedenweide.nl\/fr\/wp-json\/wp\/v2\/pages\/20159\/revisions"}],"predecessor-version":[{"id":20160,"href":"https:\/\/wiedenweide.nl\/fr\/wp-json\/wp\/v2\/pages\/20159\/revisions\/20160"}],"wp:attachment":[{"href":"https:\/\/wiedenweide.nl\/fr\/wp-json\/wp\/v2\/media?parent=20159"}],"curies":[{"name":"wp","href":"https:\/\/api.w.org\/{rel}","templated":true}]}}