{"id":20401,"date":"2019-03-21T22:29:58","date_gmt":"2019-03-21T20:29:58","guid":{"rendered":"https:\/\/wiedenweide.nl\/confirmation-de-reservation\/reservation-confirmee\/"},"modified":"2025-02-20T13:49:48","modified_gmt":"2025-02-20T11:49:48","slug":"reservation-confirmee","status":"publish","type":"page","link":"https:\/\/wiedenweide.nl\/fr\/confirmation-de-reservation\/reservation-confirmee\/","title":{"rendered":"R\u00e9servation confirm\u00e9e"},"content":{"rendered":"\t\t<div data-elementor-type=\"wp-post\" data-elementor-id=\"20401\" class=\"elementor elementor-20401 elementor-55\">\n\t\t\t\t\t\t<section class=\"elementor-section elementor-top-section elementor-element elementor-element-680c52df elementor-section-height-min-height elementor-section-boxed elementor-section-height-default elementor-section-items-middle\" data-id=\"680c52df\" data-element_type=\"section\" data-e-type=\"section\" data-settings=\"{&quot;background_background&quot;:&quot;classic&quot;}\">\n\t\t\t\t\t\t\t<div class=\"elementor-background-overlay\"><\/div>\n\t\t\t\t\t\t\t<div class=\"elementor-container elementor-column-gap-default\">\n\t\t\t\t\t<div class=\"elementor-column elementor-col-100 elementor-top-column elementor-element elementor-element-5d33bdbf\" data-id=\"5d33bdbf\" data-element_type=\"column\" data-e-type=\"column\">\n\t\t\t<div class=\"elementor-widget-wrap elementor-element-populated\">\n\t\t\t\t\t\t<div class=\"elementor-element elementor-element-52779386 elementor-widget elementor-widget-spacer\" data-id=\"52779386\" data-element_type=\"widget\" data-e-type=\"widget\" data-widget_type=\"spacer.default\">\n\t\t\t\t<div class=\"elementor-widget-container\">\n\t\t\t\t\t\t\t<div class=\"elementor-spacer\">\n\t\t\t<div class=\"elementor-spacer-inner\"><\/div>\n\t\t<\/div>\n\t\t\t\t\t\t<\/div>\n\t\t\t\t<\/div>\n\t\t\t\t<div class=\"elementor-element elementor-element-7ac56b8a elementor-view-default elementor-position-top elementor-widget elementor-widget-themo-header\" data-id=\"7ac56b8a\" data-element_type=\"widget\" data-e-type=\"widget\" data-widget_type=\"themo-header.default\">\n\t\t\t\t<div class=\"elementor-widget-container\">\n\t\t\t\t\t\t\t<div class=\"th-header-wrap\">\n        <div class=\"elementor-icon-box-wrapper \">\n                            <div class=\"elementor-icon-box-content\">\n                    <h1 class=\"elementor-icon-box-title\">\n                        R\u00e9servation confirm\u00e9e                    <\/h1>\n                                        <p class=\"elementor-icon-box-description\"><\/p>\n\n                                    <\/div>\n            <\/div>\n\n        <\/div>\n\n\t\t\t\t\t\t<\/div>\n\t\t\t\t<\/div>\n\t\t\t\t\t<\/div>\n\t\t<\/div>\n\t\t\t\t\t<\/div>\n\t\t<\/section>\n\t\t\t\t<section class=\"elementor-section elementor-top-section elementor-element elementor-element-6bb11d53 elementor-section-boxed elementor-section-height-default elementor-section-height-default\" data-id=\"6bb11d53\" data-element_type=\"section\" data-e-type=\"section\">\n\t\t\t\t\t\t<div class=\"elementor-container elementor-column-gap-default\">\n\t\t\t\t\t<div class=\"elementor-column elementor-col-100 elementor-top-column elementor-element elementor-element-25be3f46\" data-id=\"25be3f46\" data-element_type=\"column\" data-e-type=\"column\">\n\t\t\t<div class=\"elementor-widget-wrap elementor-element-populated\">\n\t\t\t\t\t\t<div class=\"elementor-element elementor-element-6790f5ff elementor-widget elementor-widget-spacer\" data-id=\"6790f5ff\" data-element_type=\"widget\" data-e-type=\"widget\" data-widget_type=\"spacer.default\">\n\t\t\t\t<div class=\"elementor-widget-container\">\n\t\t\t\t\t\t\t<div class=\"elementor-spacer\">\n\t\t\t<div class=\"elementor-spacer-inner\"><\/div>\n\t\t<\/div>\n\t\t\t\t\t\t<\/div>\n\t\t\t\t<\/div>\n\t\t\t\t<div class=\"elementor-element elementor-element-39654cca elementor-widget elementor-widget-text-editor\" data-id=\"39654cca\" data-element_type=\"widget\" data-e-type=\"widget\" data-widget_type=\"text-editor.default\">\n\t\t\t\t<div class=\"elementor-widget-container\">\n\t\t\t\t\t\t\t\t\t<p>Nous avons le plaisir de vous informer que la r\u00e9servation a \u00e9t\u00e9 re\u00e7ue et confirm\u00e9e.<\/p>\t\t\t\t\t\t\t\t<\/div>\n\t\t\t\t<\/div>\n\t\t\t\t<div class=\"elementor-element elementor-element-22dcf4aa elementor-widget elementor-widget-spacer\" data-id=\"22dcf4aa\" data-element_type=\"widget\" data-e-type=\"widget\" data-widget_type=\"spacer.default\">\n\t\t\t\t<div class=\"elementor-widget-container\">\n\t\t\t\t\t\t\t<div class=\"elementor-spacer\">\n\t\t\t<div class=\"elementor-spacer-inner\"><\/div>\n\t\t<\/div>\n\t\t\t\t\t\t<\/div>\n\t\t\t\t<\/div>\n\t\t\t\t\t<\/div>\n\t\t<\/div>\n\t\t\t\t\t<\/div>\n\t\t<\/section>\n\t\t\t\t<\/div>\n\t\t","protected":false},"excerpt":{"rendered":"<p>R\u00e9servation confirm\u00e9e Nous avons le plaisir de vous informer que la r\u00e9servation a \u00e9t\u00e9 re\u00e7ue et confirm\u00e9e.<\/p>\n","protected":false},"author":1,"featured_media":0,"parent":20397,"menu_order":2,"comment_status":"closed","ping_status":"closed","template":"","meta":{"footnotes":""},"class_list":["post-20401","page","type-page","status-publish","hentry"],"_links":{"self":[{"href":"https:\/\/wiedenweide.nl\/fr\/wp-json\/wp\/v2\/pages\/20401","targetHints":{"allow":["GET"]}}],"collection":[{"href":"https:\/\/wiedenweide.nl\/fr\/wp-json\/wp\/v2\/pages"}],"about":[{"href":"https:\/\/wiedenweide.nl\/fr\/wp-json\/wp\/v2\/types\/page"}],"author":[{"embeddable":true,"href":"https:\/\/wiedenweide.nl\/fr\/wp-json\/wp\/v2\/users\/1"}],"replies":[{"embeddable":true,"href":"https:\/\/wiedenweide.nl\/fr\/wp-json\/wp\/v2\/comments?post=20401"}],"version-history":[{"count":1,"href":"https:\/\/wiedenweide.nl\/fr\/wp-json\/wp\/v2\/pages\/20401\/revisions"}],"predecessor-version":[{"id":20404,"href":"https:\/\/wiedenweide.nl\/fr\/wp-json\/wp\/v2\/pages\/20401\/revisions\/20404"}],"up":[{"embeddable":true,"href":"https:\/\/wiedenweide.nl\/fr\/wp-json\/wp\/v2\/pages\/20397"}],"wp:attachment":[{"href":"https:\/\/wiedenweide.nl\/fr\/wp-json\/wp\/v2\/media?parent=20401"}],"curies":[{"name":"wp","href":"https:\/\/api.w.org\/{rel}","templated":true}]}}